{"id":7973,"date":"2024-03-01T21:03:38","date_gmt":"2024-03-01T18:03:38","guid":{"rendered":"https:\/\/rexovifilm.com\/?page_id=7973"},"modified":"2024-03-03T21:10:18","modified_gmt":"2024-03-03T18:10:18","slug":"ekip","status":"publish","type":"page","link":"https:\/\/rexovifilm.com\/es\/ekip\/","title":{"rendered":"Equipo"},"content":{"rendered":"<div data-elementor-type=\"wp-page\" data-elementor-id=\"7973\" class=\"elementor elementor-7973\">\n\t\t\t\t<div class=\"elementor-element elementor-element-7d74524 e-flex e-con-boxed e-con e-parent\" data-id=\"7d74524\" data-element_type=\"container\" data-settings=\"{&quot;content_width&quot;:&quot;boxed&quot;}\" data-core-v316-plus=\"true\">\n\t\t\t\t\t<div class=\"e-con-inner\">\n\t\t<div class=\"elementor-element elementor-element-f51ac78 e-con-full e-flex e-con e-child\" data-id=\"f51ac78\" data-element_type=\"container\" data-settings=\"{&quot;content_width&quot;:&quot;full&quot;}\">\n\t\t\t\t<div class=\"elementor-element elementor-element-99993b7 elementor-widget elementor-widget-ld_team_member\" data-id=\"99993b7\" data-element_type=\"widget\" data-widget_type=\"ld_team_member.default\">\n\t\t\t\t<div class=\"elementor-widget-container\">\n\t\t\t\n\t\t<div class=\"lqd-tm pos-rel lqd-tm-style-1\" data-inview=\"true\">\n\n\t\t\t\t\t\t\t\t<div class=\"lqd-tm-img\">\n\t\t\t\t\t\t<figure>\n\t\t\t\t\t\t\t<img fetchpriority=\"high\" decoding=\"async\" width=\"1600\" height=\"1200\" src=\"https:\/\/rexovifilm.com\/wp-content\/uploads\/2024\/03\/9875b9f6-b9b9-4062-ba31-cfbb4cdc59ba.jpg\" class=\"w-100\" alt=\"MUSTAFA SA\u0130D B\u0130L\u0130C\u0130\" srcset=\"https:\/\/rexovifilm.com\/wp-content\/uploads\/2024\/03\/9875b9f6-b9b9-4062-ba31-cfbb4cdc59ba.jpg 1600w, https:\/\/rexovifilm.com\/wp-content\/uploads\/2024\/03\/9875b9f6-b9b9-4062-ba31-cfbb4cdc59ba-300x225.jpg 300w, https:\/\/rexovifilm.com\/wp-content\/uploads\/2024\/03\/9875b9f6-b9b9-4062-ba31-cfbb4cdc59ba-1024x768.jpg 1024w, https:\/\/rexovifilm.com\/wp-content\/uploads\/2024\/03\/9875b9f6-b9b9-4062-ba31-cfbb4cdc59ba-16x12.jpg 16w\" sizes=\"(max-width: 1600px) 100vw, 1600px\" itemprop=\"image\" \/>\t\t\t\t\t\t<\/figure>\n\t\t\t\t\t<\/div>\n\n\t\t\t\t\t<div\n\t\t\t\t\t\tclass=\"lqd-tm-details ps-6 pe-6 pt-4 pb-4\"\n\t\t\t\t\t\tdata-custom-animations=\"true\"\n\t\t\t\t\t\tdata-ca-options='{ \"triggerHandler\": \"inview\", \"animationTarget\": \"h3,h6\", \"duration\": 1200, \"delay\": 120,  \"startDelay\": 350, \"direction\": \"backward\", \"initValues\": { \"translateY\": -30, \"opacity\": 0 }, \"animations\": { \"translateY\": 0, \"opacity\": 1 } }'\n\t\t\t\t\t>\n\t\t\t\t\t\t<div class=\"lqd-tm-bg lqd-overlay\" data-reveal=\"true\" data-reveal-options='{ \"direction\": \"tb\", \"bgcolor\": \"#fff\", \"duration\": 700, \"coverArea\": 100 }'><\/div>\n\t\t\t\t\t\t<h3 class=\"mt-0 mb-2\">MUSTAFA SA\u0130D B\u0130L\u0130C\u0130<\/h3>\n\t\t\t\t\t\t<h6 class=\"mt-0 mb-0 font-weight-normal\"><p style=\"color:#ed6a04;\">Fundador de Rexovi Film y Productor Ejecutivo<\/h6>\n\t\t\t\t\t\t\t\t\t\t\t\t\t<a href=\"#\" target=\"_blank\" rel=\"nofollow\" class=\"lqd-overlay\"><\/a>\n\t\t\t\t\t\t\t\t\t\t\t<\/div>\n\t\t\t\t\t\t\t\t\t\t\t<a href=\"#\" target=\"_blank\" rel=\"nofollow\" class=\"lqd-overlay\"><\/a>\n\t\t\t\t\t\t\t\t\t\n\t\t<\/div>\n\n\t\t\t\t<\/div>\n\t\t\t\t<\/div>\n\t\t\t\t<\/div>\n\t\t\t\t\t<\/div>\n\t\t\t\t<\/div>\n\t\t<div class=\"elementor-element elementor-element-0d17867 e-flex e-con-boxed e-con e-parent\" data-id=\"0d17867\" data-element_type=\"container\" data-settings=\"{&quot;content_width&quot;:&quot;boxed&quot;}\" data-core-v316-plus=\"true\">\n\t\t\t\t\t<div class=\"e-con-inner\">\n\t\t\t\t<div class=\"elementor-element elementor-element-24120a7 elementor-widget elementor-widget-spacer\" data-id=\"24120a7\" data-element_type=\"widget\" data-widget_type=\"spacer.default\">\n\t\t\t\t<div class=\"elementor-widget-container\">\n\t\t\t<style>\/*! elementor - v3.19.0 - 28-02-2024 *\/\n.elementor-column .elementor-spacer-inner{height:var(--spacer-size)}.e-con{--container-widget-width:100%}.e-con-inner>.elementor-widget-spacer,.e-con>.elementor-widget-spacer{width:var(--container-widget-width,var(--spacer-size));--align-self:var(--container-widget-align-self,initial);--flex-shrink:0}.e-con-inner>.elementor-widget-spacer>.elementor-widget-container,.e-con>.elementor-widget-spacer>.elementor-widget-container{height:100%;width:100%}.e-con-inner>.elementor-widget-spacer>.elementor-widget-container>.elementor-spacer,.e-con>.elementor-widget-spacer>.elementor-widget-container>.elementor-spacer{height:100%}.e-con-inner>.elementor-widget-spacer>.elementor-widget-container>.elementor-spacer>.elementor-spacer-inner,.e-con>.elementor-widget-spacer>.elementor-widget-container>.elementor-spacer>.elementor-spacer-inner{height:var(--container-widget-height,var(--spacer-size))}.e-con-inner>.elementor-widget-spacer.elementor-widget-empty,.e-con>.elementor-widget-spacer.elementor-widget-empty{position:relative;min-height:22px;min-width:22px}.e-con-inner>.elementor-widget-spacer.elementor-widget-empty .elementor-widget-empty-icon,.e-con>.elementor-widget-spacer.elementor-widget-empty .elementor-widget-empty-icon{position:absolute;top:0;bottom:0;left:0;right:0;margin:auto;padding:0;width:22px;height:22px}<\/style>\t\t<div class=\"elementor-spacer\">\n\t\t\t<div class=\"elementor-spacer-inner\"><\/div>\n\t\t<\/div>\n\t\t\t\t<\/div>\n\t\t\t\t<\/div>\n\t\t\t\t\t<\/div>\n\t\t\t\t<\/div>\n\t\t<div class=\"elementor-element elementor-element-71ea02a e-flex e-con-boxed e-con e-parent\" data-id=\"71ea02a\" data-element_type=\"container\" data-settings=\"{&quot;content_width&quot;:&quot;boxed&quot;}\" data-core-v316-plus=\"true\">\n\t\t\t\t\t<div class=\"e-con-inner\">\n\t\t<div class=\"elementor-element elementor-element-8278653 e-con-full e-flex e-con e-child\" data-id=\"8278653\" data-element_type=\"container\" data-settings=\"{&quot;content_width&quot;:&quot;full&quot;}\">\n\t\t\t\t<\/div>\n\t\t<div class=\"elementor-element elementor-element-6c15ef6 e-con-full e-flex e-con e-child\" data-id=\"6c15ef6\" data-element_type=\"container\" data-settings=\"{&quot;content_width&quot;:&quot;full&quot;}\">\n\t\t\t\t<div class=\"elementor-element elementor-element-4632389 elementor-widget elementor-widget-ld_team_member\" data-id=\"4632389\" data-element_type=\"widget\" data-widget_type=\"ld_team_member.default\">\n\t\t\t\t<div class=\"elementor-widget-container\">\n\t\t\t\n\t\t<div class=\"lqd-tm pos-rel lqd-tm-style-1\" data-inview=\"true\">\n\n\t\t\t\t\t\t\t\t<div class=\"lqd-tm-img\">\n\t\t\t\t\t\t<figure>\n\t\t\t\t\t\t\t<img decoding=\"async\" width=\"1212\" height=\"1084\" src=\"data:image\/svg+xml;charset=utf-8,%3Csvg xmlns%3D&#039;http%3A%2F%2Fwww.w3.org%2F2000%2Fsvg&#039; viewBox%3D&#039;0 0 1212 1084&#039;%2F%3E\" class=\"w-100 ld-lazyload\" alt=\"BEYDA KALYONCU\" itemprop=\"image\" data-src=\"https:\/\/rexovifilm.com\/wp-content\/uploads\/2024\/03\/WhatsApp-Image-2024-03-01-at-11.00.12.jpeg\" data-srcset=\"https:\/\/rexovifilm.com\/wp-content\/uploads\/2024\/03\/WhatsApp-Image-2024-03-01-at-11.00.12.jpeg 1212w, https:\/\/rexovifilm.com\/wp-content\/uploads\/2024\/03\/WhatsApp-Image-2024-03-01-at-11.00.12-300x268.jpeg 300w, https:\/\/rexovifilm.com\/wp-content\/uploads\/2024\/03\/WhatsApp-Image-2024-03-01-at-11.00.12-1024x916.jpeg 1024w, https:\/\/rexovifilm.com\/wp-content\/uploads\/2024\/03\/WhatsApp-Image-2024-03-01-at-11.00.12-13x12.jpeg 13w\" data-sizes=\"(max-width: 1212px) 100vw, 1212px\" data-aspect=\"1.1180811808118\" \/>\t\t\t\t\t\t<\/figure>\n\t\t\t\t\t<\/div>\n\n\t\t\t\t\t<div\n\t\t\t\t\t\tclass=\"lqd-tm-details ps-6 pe-6 pt-4 pb-4\"\n\t\t\t\t\t\tdata-custom-animations=\"true\"\n\t\t\t\t\t\tdata-ca-options='{ \"triggerHandler\": \"inview\", \"animationTarget\": \"h3,h6\", \"duration\": 1200, \"delay\": 120,  \"startDelay\": 350, \"direction\": \"backward\", \"initValues\": { \"translateY\": -30, \"opacity\": 0 }, \"animations\": { \"translateY\": 0, \"opacity\": 1 } }'\n\t\t\t\t\t>\n\t\t\t\t\t\t<div class=\"lqd-tm-bg lqd-overlay\" data-reveal=\"true\" data-reveal-options='{ \"direction\": \"tb\", \"bgcolor\": \"#fff\", \"duration\": 700, \"coverArea\": 100 }'><\/div>\n\t\t\t\t\t\t<h3 class=\"mt-0 mb-2\">BEYDA KALYONCU<\/h3>\n\t\t\t\t\t\t<h6 class=\"mt-0 mb-0 font-weight-normal\"><p style=\"color:#ed6a04;\">Coordinador General<\/h6>\n\t\t\t\t\t\t\t\t\t\t\t\t\t<a href=\"#\" target=\"_blank\" rel=\"nofollow\" class=\"lqd-overlay\"><\/a>\n\t\t\t\t\t\t\t\t\t\t\t<\/div>\n\t\t\t\t\t\t\t\t\t\t\t<a href=\"#\" target=\"_blank\" rel=\"nofollow\" class=\"lqd-overlay\"><\/a>\n\t\t\t\t\t\t\t\t\t\n\t\t<\/div>\n\n\t\t\t\t<\/div>\n\t\t\t\t<\/div>\n\t\t\t\t<\/div>\n\t\t\t\t\t<\/div>\n\t\t\t\t<\/div>\n\t\t<div class=\"elementor-element elementor-element-e632561 e-flex e-con-boxed e-con e-parent\" data-id=\"e632561\" data-element_type=\"container\" data-settings=\"{&quot;content_width&quot;:&quot;boxed&quot;}\" data-core-v316-plus=\"true\">\n\t\t\t\t\t<div class=\"e-con-inner\">\n\t\t\t\t<div class=\"elementor-element elementor-element-da95b28 elementor-widget elementor-widget-spacer\" data-id=\"da95b28\" data-element_type=\"widget\" data-widget_type=\"spacer.default\">\n\t\t\t\t<div class=\"elementor-widget-container\">\n\t\t\t\t\t<div class=\"elementor-spacer\">\n\t\t\t<div class=\"elementor-spacer-inner\"><\/div>\n\t\t<\/div>\n\t\t\t\t<\/div>\n\t\t\t\t<\/div>\n\t\t\t\t\t<\/div>\n\t\t\t\t<\/div>\n\t\t<div class=\"elementor-element elementor-element-12c0f41 e-flex e-con-boxed e-con e-parent\" data-id=\"12c0f41\" data-element_type=\"container\" data-settings=\"{&quot;content_width&quot;:&quot;boxed&quot;}\" data-core-v316-plus=\"true\">\n\t\t\t\t\t<div class=\"e-con-inner\">\n\t\t<div class=\"elementor-element elementor-element-bb13125 e-con-full e-flex e-con e-child\" data-id=\"bb13125\" data-element_type=\"container\" data-settings=\"{&quot;content_width&quot;:&quot;full&quot;}\">\n\t\t\t\t<div class=\"elementor-element elementor-element-f8b3898 elementor-widget elementor-widget-ld_team_member\" data-id=\"f8b3898\" data-element_type=\"widget\" data-widget_type=\"ld_team_member.default\">\n\t\t\t\t<div class=\"elementor-widget-container\">\n\t\t\t\n\t\t<div class=\"lqd-tm pos-rel lqd-tm-style-1\" data-inview=\"true\">\n\n\t\t\t\t\t\t\t\t<div class=\"lqd-tm-img\">\n\t\t\t\t\t\t<figure>\n\t\t\t\t\t\t\t<img decoding=\"async\" width=\"3024\" height=\"3003\" src=\"data:image\/svg+xml;charset=utf-8,%3Csvg xmlns%3D&#039;http%3A%2F%2Fwww.w3.org%2F2000%2Fsvg&#039; viewBox%3D&#039;0 0 3024 3003&#039;%2F%3E\" class=\"w-100 ld-lazyload\" alt=\"\u0130LYAS NAY\u0130R\" itemprop=\"image\" data-src=\"https:\/\/rexovifilm.com\/wp-content\/uploads\/2024\/03\/image0-3-e1709329249119.jpeg\" data-srcset=\"https:\/\/rexovifilm.com\/wp-content\/uploads\/2024\/03\/image0-3-e1709329249119.jpeg 3024w, https:\/\/rexovifilm.com\/wp-content\/uploads\/2024\/03\/image0-3-e1709329249119-300x298.jpeg 300w, https:\/\/rexovifilm.com\/wp-content\/uploads\/2024\/03\/image0-3-e1709329249119-1024x1017.jpeg 1024w, https:\/\/rexovifilm.com\/wp-content\/uploads\/2024\/03\/image0-3-e1709329249119-150x150.jpeg 150w, https:\/\/rexovifilm.com\/wp-content\/uploads\/2024\/03\/image0-3-e1709329249119-768x763.jpeg 768w, https:\/\/rexovifilm.com\/wp-content\/uploads\/2024\/03\/image0-3-e1709329249119-1536x1525.jpeg 1536w, https:\/\/rexovifilm.com\/wp-content\/uploads\/2024\/03\/image0-3-e1709329249119-2048x2034.jpeg 2048w, https:\/\/rexovifilm.com\/wp-content\/uploads\/2024\/03\/image0-3-e1709329249119-12x12.jpeg 12w\" data-sizes=\"(max-width: 3024px) 100vw, 3024px\" data-aspect=\"1.006993006993\" \/>\t\t\t\t\t\t<\/figure>\n\t\t\t\t\t<\/div>\n\n\t\t\t\t\t<div\n\t\t\t\t\t\tclass=\"lqd-tm-details ps-6 pe-6 pt-4 pb-4\"\n\t\t\t\t\t\tdata-custom-animations=\"true\"\n\t\t\t\t\t\tdata-ca-options='{ \"triggerHandler\": \"inview\", \"animationTarget\": \"h3,h6\", \"duration\": 1200, \"delay\": 120,  \"startDelay\": 350, \"direction\": \"backward\", \"initValues\": { \"translateY\": -30, \"opacity\": 0 }, \"animations\": { \"translateY\": 0, \"opacity\": 1 } }'\n\t\t\t\t\t>\n\t\t\t\t\t\t<div class=\"lqd-tm-bg lqd-overlay\" data-reveal=\"true\" data-reveal-options='{ \"direction\": \"tb\", \"bgcolor\": \"#fff\", \"duration\": 700, \"coverArea\": 100 }'><\/div>\n\t\t\t\t\t\t<h3 class=\"mt-0 mb-2\">\u0130LYAS NAY\u0130R<\/h3>\n\t\t\t\t\t\t<h6 class=\"mt-0 mb-0 font-weight-normal\"><p style=\"color:#ed6a04;\">Coordinador de Producci\u00f3n<\/p><\/h6>\n\t\t\t\t\t\t\t\t\t\t\t\t\t<a href=\"#\" target=\"_blank\" rel=\"nofollow\" class=\"lqd-overlay\"><\/a>\n\t\t\t\t\t\t\t\t\t\t\t<\/div>\n\t\t\t\t\t\t\t\t\t\t\t<a href=\"#\" target=\"_blank\" rel=\"nofollow\" class=\"lqd-overlay\"><\/a>\n\t\t\t\t\t\t\t\t\t\n\t\t<\/div>\n\n\t\t\t\t<\/div>\n\t\t\t\t<\/div>\n\t\t\t\t<\/div>\n\t\t<div class=\"elementor-element elementor-element-5e1793b e-con-full e-flex e-con e-child\" data-id=\"5e1793b\" data-element_type=\"container\" data-settings=\"{&quot;content_width&quot;:&quot;full&quot;}\">\n\t\t\t\t<\/div>\n\t\t\t\t\t<\/div>\n\t\t\t\t<\/div>\n\t\t\t\t<\/div>","protected":false},"excerpt":{"rendered":"<p>MUSTAFA SA\u0130D B\u0130L\u0130C\u0130 Rexovi Film Kurucusu ve Uygulay\u0131c\u0131 Yap\u0131mc\u0131 BEYDA KALYONCU Genel Koordinat\u00f6r \u0130LYAS NAY\u0130R Yap\u0131m Koordinat\u00f6r\u00fc<\/p>","protected":false},"author":1,"featured_media":0,"parent":0,"menu_order":0,"comment_status":"closed","ping_status":"closed","template":"","meta":{"footnotes":""},"class_list":["post-7973","page","type-page","status-publish","hentry"],"_links":{"self":[{"href":"https:\/\/rexovifilm.com\/es\/wp-json\/wp\/v2\/pages\/7973","targetHints":{"allow":["GET"]}}],"collection":[{"href":"https:\/\/rexovifilm.com\/es\/wp-json\/wp\/v2\/pages"}],"about":[{"href":"https:\/\/rexovifilm.com\/es\/wp-json\/wp\/v2\/types\/page"}],"author":[{"embeddable":true,"href":"https:\/\/rexovifilm.com\/es\/wp-json\/wp\/v2\/users\/1"}],"replies":[{"embeddable":true,"href":"https:\/\/rexovifilm.com\/es\/wp-json\/wp\/v2\/comments?post=7973"}],"version-history":[{"count":34,"href":"https:\/\/rexovifilm.com\/es\/wp-json\/wp\/v2\/pages\/7973\/revisions"}],"predecessor-version":[{"id":8094,"href":"https:\/\/rexovifilm.com\/es\/wp-json\/wp\/v2\/pages\/7973\/revisions\/8094"}],"wp:attachment":[{"href":"https:\/\/rexovifilm.com\/es\/wp-json\/wp\/v2\/media?parent=7973"}],"curies":[{"name":"wp","href":"https:\/\/api.w.org\/{rel}","templated":true}]}}