{"id":4882,"date":"2021-03-08T07:08:41","date_gmt":"2021-03-08T07:08:41","guid":{"rendered":"https:\/\/digitalhub.liquid-themes.com\/staging\/?page_id=4882"},"modified":"2024-03-03T21:08:15","modified_gmt":"2024-03-03T18:08:15","slug":"hizmetler","status":"publish","type":"page","link":"https:\/\/rexovifilm.com\/tr_tr\/hizmetler\/","title":{"rendered":"Hizmetler"},"content":{"rendered":"\t\t<div data-elementor-type=\"wp-page\" data-elementor-id=\"4882\" class=\"elementor elementor-4882\">\n\t\t\t\t<div class=\"elementor-element elementor-element-cc132f3 e-flex e-con-boxed e-con e-parent\" data-id=\"cc132f3\" data-element_type=\"container\" data-settings=\"{&quot;content_width&quot;:&quot;boxed&quot;}\" data-core-v316-plus=\"true\">\n\t\t\t\t\t<div class=\"e-con-inner\">\n\t\t<div class=\"elementor-element elementor-element-5d63006 e-con-full e-flex e-con e-child\" data-id=\"5d63006\" data-element_type=\"container\" data-settings=\"{&quot;content_width&quot;:&quot;full&quot;}\">\n\t\t\t\t<div class=\"elementor-element elementor-element-b40a389 elementor-widget elementor-widget-image\" data-id=\"b40a389\" data-element_type=\"widget\" data-widget_type=\"image.default\">\n\t\t\t\t<div class=\"elementor-widget-container\">\n\t\t\t<style>\/*! elementor - v3.19.0 - 28-02-2024 *\/\n.elementor-widget-image{text-align:center}.elementor-widget-image a{display:inline-block}.elementor-widget-image a img[src$=\".svg\"]{width:48px}.elementor-widget-image img{vertical-align:middle;display:inline-block}<\/style>\t\t\t\t\t\t\t\t\t\t<img fetchpriority=\"high\" decoding=\"async\" width=\"780\" height=\"780\" src=\"https:\/\/rexovifilm.com\/wp-content\/uploads\/2024\/03\/20943665-1024x1024.jpg\" class=\"attachment-large size-large wp-image-7869\" alt=\"\" srcset=\"https:\/\/rexovifilm.com\/wp-content\/uploads\/2024\/03\/20943665-1024x1024.jpg 1024w, https:\/\/rexovifilm.com\/wp-content\/uploads\/2024\/03\/20943665-300x300.jpg 300w, https:\/\/rexovifilm.com\/wp-content\/uploads\/2024\/03\/20943665-150x150.jpg 150w, https:\/\/rexovifilm.com\/wp-content\/uploads\/2024\/03\/20943665-1536x1536.jpg 1536w, https:\/\/rexovifilm.com\/wp-content\/uploads\/2024\/03\/20943665-2048x2048.jpg 2048w, https:\/\/rexovifilm.com\/wp-content\/uploads\/2024\/03\/20943665-320x320.jpg 320w, https:\/\/rexovifilm.com\/wp-content\/uploads\/2024\/03\/20943665-760x760.jpg 760w, https:\/\/rexovifilm.com\/wp-content\/uploads\/2024\/03\/20943665-12x12.jpg 12w\" sizes=\"(max-width: 780px) 100vw, 780px\" \/>\t\t\t\t\t\t\t\t\t\t\t\t\t<\/div>\n\t\t\t\t<\/div>\n\t\t\t\t<\/div>\n\t\t<div class=\"elementor-element elementor-element-3342bb0 e-con-full e-flex e-con e-child\" data-id=\"3342bb0\" data-element_type=\"container\" data-settings=\"{&quot;content_width&quot;:&quot;full&quot;}\">\n\t\t\t\t<div class=\"elementor-element elementor-element-a73e8c3 elementor-widget elementor-widget-text-editor\" data-id=\"a73e8c3\" data-element_type=\"widget\" data-widget_type=\"text-editor.default\">\n\t\t\t\t<div class=\"elementor-widget-container\">\n\t\t\t<style>\/*! elementor - v3.19.0 - 28-02-2024 *\/\n.elementor-widget-text-editor.elementor-drop-cap-view-stacked .elementor-drop-cap{background-color:#69727d;color:#fff}.elementor-widget-text-editor.elementor-drop-cap-view-framed .elementor-drop-cap{color:#69727d;border:3px solid;background-color:transparent}.elementor-widget-text-editor:not(.elementor-drop-cap-view-default) .elementor-drop-cap{margin-top:8px}.elementor-widget-text-editor:not(.elementor-drop-cap-view-default) .elementor-drop-cap-letter{width:1em;height:1em}.elementor-widget-text-editor .elementor-drop-cap{float:left;text-align:center;line-height:1;font-size:50px}.elementor-widget-text-editor .elementor-drop-cap-letter{display:inline-block}<\/style>\t\t\t\t<p style=\"text-align: center;\"><span style=\"font-size: 32px; font-family: georgia, palatino, serif;\"><b>B\u00fct\u00e7e ve Finans Y\u00f6netimi<\/b><\/span><\/p><p><span style=\"font-weight: 400; font-size: 18px; font-family: georgia, palatino, serif;\">M\u00fc\u015fterilerimizin talepleri do\u011frultusunda en uygun maliyetlerle ortaya \u00e7\u0131kar\u0131lacak b\u00fct\u00e7elendirmeyi yap\u0131yor, belirlenen b\u00fct\u00e7elerin etraf\u0131nda kalmak i\u00e7in en iyi finansal \u00e7\u00f6z\u00fcmleri sunuyoruz.<\/span><\/p>\t\t\t\t\t\t<\/div>\n\t\t\t\t<\/div>\n\t\t\t\t<\/div>\n\t\t\t\t\t<\/div>\n\t\t\t\t<\/div>\n\t\t<div class=\"elementor-element elementor-element-c352a79 e-flex e-con-boxed e-con e-parent\" data-id=\"c352a79\" data-element_type=\"container\" data-settings=\"{&quot;content_width&quot;:&quot;boxed&quot;}\" data-core-v316-plus=\"true\">\n\t\t\t\t\t<div class=\"e-con-inner\">\n\t\t<div class=\"elementor-element elementor-element-32c3a2c e-con-full e-flex e-con e-child\" data-id=\"32c3a2c\" data-element_type=\"container\" data-settings=\"{&quot;content_width&quot;:&quot;full&quot;}\">\n\t\t\t\t<div class=\"elementor-element elementor-element-6fd5322 elementor-widget elementor-widget-image\" data-id=\"6fd5322\" data-element_type=\"widget\" data-widget_type=\"image.default\">\n\t\t\t\t<div class=\"elementor-widget-container\">\n\t\t\t\t\t\t\t\t\t\t\t\t\t<img decoding=\"async\" width=\"780\" height=\"780\" src=\"data:image\/svg+xml;charset=utf-8,%3Csvg xmlns%3D&#039;http%3A%2F%2Fwww.w3.org%2F2000%2Fsvg&#039; viewBox%3D&#039;0 0 1024 1024&#039;%2F%3E\" class=\"attachment-large size-large wp-image-7873 ld-lazyload\" alt=\"\" data-src=\"https:\/\/rexovifilm.com\/wp-content\/uploads\/2024\/03\/Jan37-1024x1024.jpg\" data-srcset=\"https:\/\/rexovifilm.com\/wp-content\/uploads\/2024\/03\/Jan37-1024x1024.jpg 1024w, https:\/\/rexovifilm.com\/wp-content\/uploads\/2024\/03\/Jan37-300x300.jpg 300w, https:\/\/rexovifilm.com\/wp-content\/uploads\/2024\/03\/Jan37-150x150.jpg 150w, https:\/\/rexovifilm.com\/wp-content\/uploads\/2024\/03\/Jan37-1536x1536.jpg 1536w, https:\/\/rexovifilm.com\/wp-content\/uploads\/2024\/03\/Jan37-2048x2048.jpg 2048w, https:\/\/rexovifilm.com\/wp-content\/uploads\/2024\/03\/Jan37-320x320.jpg 320w, https:\/\/rexovifilm.com\/wp-content\/uploads\/2024\/03\/Jan37-760x760.jpg 760w, https:\/\/rexovifilm.com\/wp-content\/uploads\/2024\/03\/Jan37-12x12.jpg 12w\" data-sizes=\"(max-width: 780px) 100vw, 780px\" data-aspect=\"1\" \/>\t\t\t\t\t\t\t\t\t\t\t\t\t<\/div>\n\t\t\t\t<\/div>\n\t\t\t\t<\/div>\n\t\t<div class=\"elementor-element elementor-element-d7f9715 e-con-full e-flex e-con e-child\" data-id=\"d7f9715\" data-element_type=\"container\" data-settings=\"{&quot;content_width&quot;:&quot;full&quot;}\">\n\t\t\t\t<div class=\"elementor-element elementor-element-569cc2d elementor-widget elementor-widget-text-editor\" data-id=\"569cc2d\" data-element_type=\"widget\" data-widget_type=\"text-editor.default\">\n\t\t\t\t<div class=\"elementor-widget-container\">\n\t\t\t\t\t\t\t<p style=\"text-align: center;\"><span style=\"font-size: 32px;\"><b>\u00c7ekim \u0130zinleri<\/b><\/span><\/p><p><span style=\"font-weight: 400; font-size: 18px;\">Resmi prosed\u00fcrlerin y\u00fcr\u00fct\u00fclmesi ve takibini sizler i\u00e7in sa\u011fl\u0131yoruz. \u00d6nceden belirlenen tarihlerde ve be\u011fenilen mekanlarda \u00e7ekimin sa\u011flanmas\u0131 i\u00e7in gereken evrak i\u015flerini y\u00fcr\u00fct\u00fcyoruz. Sizlere sadece sete gelmek kal\u0131yor.<\/span><\/p>\t\t\t\t\t\t<\/div>\n\t\t\t\t<\/div>\n\t\t\t\t<\/div>\n\t\t\t\t\t<\/div>\n\t\t\t\t<\/div>\n\t\t<div class=\"elementor-element elementor-element-2671910 e-flex e-con-boxed e-con e-parent\" data-id=\"2671910\" data-element_type=\"container\" data-settings=\"{&quot;content_width&quot;:&quot;boxed&quot;}\" data-core-v316-plus=\"true\">\n\t\t\t\t\t<div class=\"e-con-inner\">\n\t\t<div class=\"elementor-element elementor-element-d9afa55 e-con-full e-flex e-con e-child\" data-id=\"d9afa55\" data-element_type=\"container\" data-settings=\"{&quot;content_width&quot;:&quot;full&quot;}\">\n\t\t\t\t<div class=\"elementor-element elementor-element-8ead60b elementor-widget elementor-widget-image\" data-id=\"8ead60b\" data-element_type=\"widget\" data-widget_type=\"image.default\">\n\t\t\t\t<div class=\"elementor-widget-container\">\n\t\t\t\t\t\t\t\t\t\t\t\t\t<img decoding=\"async\" width=\"780\" height=\"724\" src=\"data:image\/svg+xml;charset=utf-8,%3Csvg xmlns%3D&#039;http%3A%2F%2Fwww.w3.org%2F2000%2Fsvg&#039; viewBox%3D&#039;0 0 1024 950&#039;%2F%3E\" class=\"attachment-large size-large wp-image-7885 ld-lazyload\" alt=\"\" data-src=\"https:\/\/rexovifilm.com\/wp-content\/uploads\/2024\/03\/495177-PHX927-972-1024x950.jpg\" data-srcset=\"https:\/\/rexovifilm.com\/wp-content\/uploads\/2024\/03\/495177-PHX927-972-1024x950.jpg 1024w, https:\/\/rexovifilm.com\/wp-content\/uploads\/2024\/03\/495177-PHX927-972-300x278.jpg 300w, https:\/\/rexovifilm.com\/wp-content\/uploads\/2024\/03\/495177-PHX927-972-1536x1425.jpg 1536w, https:\/\/rexovifilm.com\/wp-content\/uploads\/2024\/03\/495177-PHX927-972-13x12.jpg 13w, https:\/\/rexovifilm.com\/wp-content\/uploads\/2024\/03\/495177-PHX927-972.jpg 1998w\" data-sizes=\"(max-width: 780px) 100vw, 780px\" data-aspect=\"1.0778947368421\" \/>\t\t\t\t\t\t\t\t\t\t\t\t\t<\/div>\n\t\t\t\t<\/div>\n\t\t\t\t<\/div>\n\t\t<div class=\"elementor-element elementor-element-f6100a7 e-con-full e-flex e-con e-child\" data-id=\"f6100a7\" data-element_type=\"container\" data-settings=\"{&quot;content_width&quot;:&quot;full&quot;}\">\n\t\t\t\t<div class=\"elementor-element elementor-element-7996a2a elementor-widget elementor-widget-text-editor\" data-id=\"7996a2a\" data-element_type=\"widget\" data-widget_type=\"text-editor.default\">\n\t\t\t\t<div class=\"elementor-widget-container\">\n\t\t\t\t\t\t\t<p style=\"text-align: center;\"><span style=\"font-size: 32px;\"><b>Cast<\/b><\/span><\/p><p><span style=\"font-weight: 400; font-size: 18px;\">Bir\u00e7ok millete ev sahipli\u011fi yapan T\u00fcrkiye oyuncu konusunda da sizlere avantaj sa\u011fl\u0131yor. \u00c7ok k\u00fclt\u00fcrl\u00fc ve milliyetli yap\u0131s\u0131 ile arad\u0131\u011f\u0131n\u0131z oyuncular\u0131n sa\u011flanmas\u0131 i\u00e7in cast direkt\u00f6rleri ile \u00e7al\u0131\u015f\u0131yoruz.<\/span><\/p>\t\t\t\t\t\t<\/div>\n\t\t\t\t<\/div>\n\t\t\t\t<\/div>\n\t\t\t\t\t<\/div>\n\t\t\t\t<\/div>\n\t\t<div class=\"elementor-element elementor-element-50a9b49 e-flex e-con-boxed e-con e-parent\" data-id=\"50a9b49\" data-element_type=\"container\" data-settings=\"{&quot;content_width&quot;:&quot;boxed&quot;}\" data-core-v316-plus=\"true\">\n\t\t\t\t\t<div class=\"e-con-inner\">\n\t\t<div class=\"elementor-element elementor-element-0958668 e-con-full e-flex e-con e-child\" data-id=\"0958668\" data-element_type=\"container\" data-settings=\"{&quot;content_width&quot;:&quot;full&quot;}\">\n\t\t\t\t<div class=\"elementor-element elementor-element-032f19e elementor-widget elementor-widget-image\" data-id=\"032f19e\" data-element_type=\"widget\" data-widget_type=\"image.default\">\n\t\t\t\t<div class=\"elementor-widget-container\">\n\t\t\t\t\t\t\t\t\t\t\t\t\t<img loading=\"lazy\" decoding=\"async\" width=\"780\" height=\"494\" src=\"data:image\/svg+xml;charset=utf-8,%3Csvg xmlns%3D&#039;http%3A%2F%2Fwww.w3.org%2F2000%2Fsvg&#039; viewBox%3D&#039;0 0 1024 648&#039;%2F%3E\" class=\"attachment-large size-large wp-image-7901 ld-lazyload\" alt=\"\" data-src=\"https:\/\/rexovifilm.com\/wp-content\/uploads\/2024\/03\/contentmanager_online_1-1024x648.jpg\" data-srcset=\"https:\/\/rexovifilm.com\/wp-content\/uploads\/2024\/03\/contentmanager_online_1-1024x648.jpg 1024w, https:\/\/rexovifilm.com\/wp-content\/uploads\/2024\/03\/contentmanager_online_1-300x190.jpg 300w, https:\/\/rexovifilm.com\/wp-content\/uploads\/2024\/03\/contentmanager_online_1-1536x972.jpg 1536w, https:\/\/rexovifilm.com\/wp-content\/uploads\/2024\/03\/contentmanager_online_1-2048x1296.jpg 2048w, https:\/\/rexovifilm.com\/wp-content\/uploads\/2024\/03\/contentmanager_online_1-18x12.jpg 18w\" data-sizes=\"(max-width: 780px) 100vw, 780px\" data-aspect=\"1.5802469135802\" \/>\t\t\t\t\t\t\t\t\t\t\t\t\t<\/div>\n\t\t\t\t<\/div>\n\t\t\t\t<\/div>\n\t\t<div class=\"elementor-element elementor-element-bc3eafb e-con-full e-flex e-con e-child\" data-id=\"bc3eafb\" data-element_type=\"container\" data-settings=\"{&quot;content_width&quot;:&quot;full&quot;}\">\n\t\t\t\t<div class=\"elementor-element elementor-element-54c0606 elementor-widget elementor-widget-text-editor\" data-id=\"54c0606\" data-element_type=\"widget\" data-widget_type=\"text-editor.default\">\n\t\t\t\t<div class=\"elementor-widget-container\">\n\t\t\t\t\t\t\t<p style=\"text-align: center;\"><span style=\"font-size: 32px;\"><b>Lokasyon Ke\u015ffi<\/b><\/span><\/p><p><span style=\"font-weight: 400; font-size: 18px;\">T\u00fcrkiye do\u011fal g\u00fczellikleri ve ayn\u0131 anda d\u00f6rt mevsimi ya\u015fayabilece\u011finiz bir \u00fclke. Bu avantajlar\u0131 biliyor ve proje i\u00e7in en do\u011fru referanslar\u0131 siz T\u00fcrkiye\u2019ye gelmeden sizlere y\u00f6nlendiriyoruz. 15 seneye yak\u0131n mekan ar\u015fivimizle sizlere mekan sunumunu online bir toplant\u0131 rahatl\u0131\u011f\u0131nda sa\u011flam\u0131\u015f oluyoruz.<\/span><\/p>\t\t\t\t\t\t<\/div>\n\t\t\t\t<\/div>\n\t\t\t\t<\/div>\n\t\t\t\t\t<\/div>\n\t\t\t\t<\/div>\n\t\t<div class=\"elementor-element elementor-element-07f9fb1 e-flex e-con-boxed e-con e-parent\" data-id=\"07f9fb1\" data-element_type=\"container\" data-settings=\"{&quot;content_width&quot;:&quot;boxed&quot;}\" data-core-v316-plus=\"true\">\n\t\t\t\t\t<div class=\"e-con-inner\">\n\t\t<div class=\"elementor-element elementor-element-f163c52 e-con-full e-flex e-con e-child\" data-id=\"f163c52\" data-element_type=\"container\" data-settings=\"{&quot;content_width&quot;:&quot;full&quot;}\">\n\t\t\t\t<div class=\"elementor-element elementor-element-791921d elementor-widget elementor-widget-image\" data-id=\"791921d\" data-element_type=\"widget\" data-widget_type=\"image.default\">\n\t\t\t\t<div class=\"elementor-widget-container\">\n\t\t\t\t\t\t\t\t\t\t\t\t\t<img loading=\"lazy\" decoding=\"async\" width=\"780\" height=\"780\" src=\"data:image\/svg+xml;charset=utf-8,%3Csvg xmlns%3D&#039;http%3A%2F%2Fwww.w3.org%2F2000%2Fsvg&#039; viewBox%3D&#039;0 0 1024 1024&#039;%2F%3E\" class=\"attachment-large size-large wp-image-7886 ld-lazyload\" alt=\"\" data-src=\"https:\/\/rexovifilm.com\/wp-content\/uploads\/2024\/03\/5784-1024x1024.jpg\" data-srcset=\"https:\/\/rexovifilm.com\/wp-content\/uploads\/2024\/03\/5784-1024x1024.jpg 1024w, https:\/\/rexovifilm.com\/wp-content\/uploads\/2024\/03\/5784-300x300.jpg 300w, https:\/\/rexovifilm.com\/wp-content\/uploads\/2024\/03\/5784-150x150.jpg 150w, https:\/\/rexovifilm.com\/wp-content\/uploads\/2024\/03\/5784-1536x1536.jpg 1536w, https:\/\/rexovifilm.com\/wp-content\/uploads\/2024\/03\/5784-2048x2048.jpg 2048w, https:\/\/rexovifilm.com\/wp-content\/uploads\/2024\/03\/5784-320x320.jpg 320w, https:\/\/rexovifilm.com\/wp-content\/uploads\/2024\/03\/5784-760x760.jpg 760w, https:\/\/rexovifilm.com\/wp-content\/uploads\/2024\/03\/5784-12x12.jpg 12w\" data-sizes=\"(max-width: 780px) 100vw, 780px\" data-aspect=\"1\" \/>\t\t\t\t\t\t\t\t\t\t\t\t\t<\/div>\n\t\t\t\t<\/div>\n\t\t\t\t<\/div>\n\t\t<div class=\"elementor-element elementor-element-c7af393 e-con-full e-flex e-con e-child\" data-id=\"c7af393\" data-element_type=\"container\" data-settings=\"{&quot;content_width&quot;:&quot;full&quot;}\">\n\t\t\t\t<div class=\"elementor-element elementor-element-63efde6 elementor-widget elementor-widget-text-editor\" data-id=\"63efde6\" data-element_type=\"widget\" data-widget_type=\"text-editor.default\">\n\t\t\t\t<div class=\"elementor-widget-container\">\n\t\t\t\t\t\t\t<p style=\"text-align: center;\"><span style=\"font-size: 32px;\"><b>Ekipman Kiralama<\/b><\/span><\/p><p><span style=\"font-weight: 400; font-size: 18px;\">T\u00fcrkiye\u2019de ihtiyac\u0131n\u0131z olan \u0131\u015f\u0131k, kamera, ses, grip ekipmanlar\u0131na ula\u015f\u0131m sa\u011flamak \u00e7ok kolay.\u00a0 \u00c7al\u0131\u015ft\u0131\u011f\u0131m\u0131z ekipman kiralama \u015firketlerimizle alternatifli olarak teknik ekipman deste\u011fi sunmaktay\u0131z.<\/span><\/p>\t\t\t\t\t\t<\/div>\n\t\t\t\t<\/div>\n\t\t\t\t<\/div>\n\t\t\t\t\t<\/div>\n\t\t\t\t<\/div>\n\t\t<div class=\"elementor-element elementor-element-92de866 e-flex e-con-boxed e-con e-parent\" data-id=\"92de866\" data-element_type=\"container\" data-settings=\"{&quot;content_width&quot;:&quot;boxed&quot;}\" data-core-v316-plus=\"true\">\n\t\t\t\t\t<div class=\"e-con-inner\">\n\t\t<div class=\"elementor-element elementor-element-4a19f54 e-con-full e-flex e-con e-child\" data-id=\"4a19f54\" data-element_type=\"container\" data-settings=\"{&quot;content_width&quot;:&quot;full&quot;}\">\n\t\t\t\t<div class=\"elementor-element elementor-element-790d5f6 elementor-widget elementor-widget-image\" data-id=\"790d5f6\" data-element_type=\"widget\" data-widget_type=\"image.default\">\n\t\t\t\t<div class=\"elementor-widget-container\">\n\t\t\t\t\t\t\t\t\t\t\t\t\t<img loading=\"lazy\" decoding=\"async\" width=\"780\" height=\"546\" src=\"data:image\/svg+xml;charset=utf-8,%3Csvg xmlns%3D&#039;http%3A%2F%2Fwww.w3.org%2F2000%2Fsvg&#039; viewBox%3D&#039;0 0 1024 717&#039;%2F%3E\" class=\"attachment-large size-large wp-image-7893 ld-lazyload\" alt=\"\" data-src=\"https:\/\/rexovifilm.com\/wp-content\/uploads\/2024\/03\/32200-1024x717.jpg\" data-srcset=\"https:\/\/rexovifilm.com\/wp-content\/uploads\/2024\/03\/32200-1024x717.jpg 1024w, https:\/\/rexovifilm.com\/wp-content\/uploads\/2024\/03\/32200-300x210.jpg 300w, https:\/\/rexovifilm.com\/wp-content\/uploads\/2024\/03\/32200-1536x1075.jpg 1536w, https:\/\/rexovifilm.com\/wp-content\/uploads\/2024\/03\/32200-2048x1434.jpg 2048w, https:\/\/rexovifilm.com\/wp-content\/uploads\/2024\/03\/32200-18x12.jpg 18w\" data-sizes=\"(max-width: 780px) 100vw, 780px\" data-aspect=\"1.4281729428173\" \/>\t\t\t\t\t\t\t\t\t\t\t\t\t<\/div>\n\t\t\t\t<\/div>\n\t\t\t\t<\/div>\n\t\t<div class=\"elementor-element elementor-element-94592d2 e-con-full e-flex e-con e-child\" data-id=\"94592d2\" data-element_type=\"container\" data-settings=\"{&quot;content_width&quot;:&quot;full&quot;}\">\n\t\t\t\t<div class=\"elementor-element elementor-element-d104c0b elementor-widget elementor-widget-text-editor\" data-id=\"d104c0b\" data-element_type=\"widget\" data-widget_type=\"text-editor.default\">\n\t\t\t\t<div class=\"elementor-widget-container\">\n\t\t\t\t\t\t\t<p style=\"text-align: center;\"><span style=\"font-size: 32px;\"><b>Ekip Kurulumu<\/b><\/span><\/p><p><span style=\"font-size: 18px;\">\u0130htiya\u00e7 halinde her\u00a0departman i\u00e7in ingilizce bilen ekip arkada\u015flar\u0131 ile \u00e7al\u0131\u015f\u0131yoruz. Departman ba\u015f\u0131 ya da asistan farketmeksizin ekiplerinize dahil olacak ekip arkada\u015flar\u0131m\u0131z sizlerle \u00e7al\u0131\u015fmak i\u00e7in can at\u0131yor.<\/span><\/p>\t\t\t\t\t\t<\/div>\n\t\t\t\t<\/div>\n\t\t\t\t<\/div>\n\t\t\t\t\t<\/div>\n\t\t\t\t<\/div>\n\t\t<div class=\"elementor-element elementor-element-2e6c828 e-flex e-con-boxed e-con e-parent\" data-id=\"2e6c828\" data-element_type=\"container\" data-settings=\"{&quot;content_width&quot;:&quot;boxed&quot;}\" data-core-v316-plus=\"true\">\n\t\t\t\t\t<div class=\"e-con-inner\">\n\t\t<div class=\"elementor-element elementor-element-73e2bfd e-con-full e-flex e-con e-child\" data-id=\"73e2bfd\" data-element_type=\"container\" data-settings=\"{&quot;content_width&quot;:&quot;full&quot;}\">\n\t\t\t\t<div class=\"elementor-element elementor-element-b5313b6 elementor-widget elementor-widget-image\" data-id=\"b5313b6\" data-element_type=\"widget\" data-widget_type=\"image.default\">\n\t\t\t\t<div class=\"elementor-widget-container\">\n\t\t\t\t\t\t\t\t\t\t\t\t\t<img loading=\"lazy\" decoding=\"async\" width=\"780\" height=\"442\" src=\"data:image\/svg+xml;charset=utf-8,%3Csvg xmlns%3D&#039;http%3A%2F%2Fwww.w3.org%2F2000%2Fsvg&#039; viewBox%3D&#039;0 0 1024 580&#039;%2F%3E\" class=\"attachment-large size-large wp-image-7895 ld-lazyload\" alt=\"\" data-src=\"https:\/\/rexovifilm.com\/wp-content\/uploads\/2024\/03\/rc10_2j2y_210924-1024x580.jpg\" data-srcset=\"https:\/\/rexovifilm.com\/wp-content\/uploads\/2024\/03\/rc10_2j2y_210924-1024x580.jpg 1024w, https:\/\/rexovifilm.com\/wp-content\/uploads\/2024\/03\/rc10_2j2y_210924-300x170.jpg 300w, https:\/\/rexovifilm.com\/wp-content\/uploads\/2024\/03\/rc10_2j2y_210924-1536x871.jpg 1536w, https:\/\/rexovifilm.com\/wp-content\/uploads\/2024\/03\/rc10_2j2y_210924-2048x1161.jpg 2048w, https:\/\/rexovifilm.com\/wp-content\/uploads\/2024\/03\/rc10_2j2y_210924-640x364.jpg 640w, https:\/\/rexovifilm.com\/wp-content\/uploads\/2024\/03\/rc10_2j2y_210924-18x10.jpg 18w\" data-sizes=\"(max-width: 780px) 100vw, 780px\" data-aspect=\"1.7655172413793\" \/>\t\t\t\t\t\t\t\t\t\t\t\t\t<\/div>\n\t\t\t\t<\/div>\n\t\t\t\t<\/div>\n\t\t<div class=\"elementor-element elementor-element-07503d3 e-con-full e-flex e-con e-child\" data-id=\"07503d3\" data-element_type=\"container\" data-settings=\"{&quot;content_width&quot;:&quot;full&quot;}\">\n\t\t\t\t<div class=\"elementor-element elementor-element-c4d5409 elementor-widget elementor-widget-text-editor\" data-id=\"c4d5409\" data-element_type=\"widget\" data-widget_type=\"text-editor.default\">\n\t\t\t\t<div class=\"elementor-widget-container\">\n\t\t\t\t\t\t\t<p style=\"text-align: center;\"><span style=\"font-size: 32px;\"><b>Sanat ve Kost\u00fcm Kiralama<\/b><\/span><\/p><p><span style=\"font-weight: 400; font-size: 18px;\">Sanat ve kost\u00fcm i\u00e7in gerek \u00fcretim gerek kiralama imkan\u0131 sa\u011flayacak kiralama \u015firketleri ile ortak \u00e7al\u0131\u015f\u0131yoruz. \u0130htiya\u00e7lar\u0131n\u0131z\u0131 belirlemi\u015f oldu\u011funuz perspektifte sizlere sa\u011fl\u0131yoruz.<\/span><\/p>\t\t\t\t\t\t<\/div>\n\t\t\t\t<\/div>\n\t\t\t\t<\/div>\n\t\t\t\t\t<\/div>\n\t\t\t\t<\/div>\n\t\t<div class=\"elementor-element elementor-element-4aaa515 e-flex e-con-boxed e-con e-parent\" data-id=\"4aaa515\" data-element_type=\"container\" data-settings=\"{&quot;content_width&quot;:&quot;boxed&quot;}\" data-core-v316-plus=\"true\">\n\t\t\t\t\t<div class=\"e-con-inner\">\n\t\t<div class=\"elementor-element elementor-element-595f3f9 e-con-full e-flex e-con e-child\" data-id=\"595f3f9\" data-element_type=\"container\" data-settings=\"{&quot;content_width&quot;:&quot;full&quot;}\">\n\t\t\t\t<div class=\"elementor-element elementor-element-ddb861e elementor-widget elementor-widget-image\" data-id=\"ddb861e\" data-element_type=\"widget\" data-widget_type=\"image.default\">\n\t\t\t\t<div class=\"elementor-widget-container\">\n\t\t\t\t\t\t\t\t\t\t\t\t\t<img loading=\"lazy\" decoding=\"async\" width=\"780\" height=\"780\" src=\"data:image\/svg+xml;charset=utf-8,%3Csvg xmlns%3D&#039;http%3A%2F%2Fwww.w3.org%2F2000%2Fsvg&#039; viewBox%3D&#039;0 0 1024 1024&#039;%2F%3E\" class=\"attachment-large size-large wp-image-7897 ld-lazyload\" alt=\"\" data-src=\"https:\/\/rexovifilm.com\/wp-content\/uploads\/2024\/03\/January_life_style_working_63-1024x1024.jpg\" data-srcset=\"https:\/\/rexovifilm.com\/wp-content\/uploads\/2024\/03\/January_life_style_working_63-1024x1024.jpg 1024w, https:\/\/rexovifilm.com\/wp-content\/uploads\/2024\/03\/January_life_style_working_63-300x300.jpg 300w, https:\/\/rexovifilm.com\/wp-content\/uploads\/2024\/03\/January_life_style_working_63-150x150.jpg 150w, https:\/\/rexovifilm.com\/wp-content\/uploads\/2024\/03\/January_life_style_working_63-1536x1536.jpg 1536w, https:\/\/rexovifilm.com\/wp-content\/uploads\/2024\/03\/January_life_style_working_63-2048x2048.jpg 2048w, https:\/\/rexovifilm.com\/wp-content\/uploads\/2024\/03\/January_life_style_working_63-320x320.jpg 320w, https:\/\/rexovifilm.com\/wp-content\/uploads\/2024\/03\/January_life_style_working_63-760x760.jpg 760w, https:\/\/rexovifilm.com\/wp-content\/uploads\/2024\/03\/January_life_style_working_63-12x12.jpg 12w\" data-sizes=\"(max-width: 780px) 100vw, 780px\" data-aspect=\"1\" \/>\t\t\t\t\t\t\t\t\t\t\t\t\t<\/div>\n\t\t\t\t<\/div>\n\t\t\t\t<\/div>\n\t\t<div class=\"elementor-element elementor-element-0d9fc6f e-con-full e-flex e-con e-child\" data-id=\"0d9fc6f\" data-element_type=\"container\" data-settings=\"{&quot;content_width&quot;:&quot;full&quot;}\">\n\t\t\t\t<div class=\"elementor-element elementor-element-35adfc0 elementor-widget elementor-widget-text-editor\" data-id=\"35adfc0\" data-element_type=\"widget\" data-widget_type=\"text-editor.default\">\n\t\t\t\t<div class=\"elementor-widget-container\">\n\t\t\t\t\t\t\t<p style=\"text-align: center;\"><span style=\"font-size: 32px;\"><b>Post Prod\u00fcksiyon<\/b><\/span><\/p><p><span style=\"font-size: 18px;\">Post prod\u00fcksiyon alan\u0131nda \u00e7al\u0131\u015ft\u0131\u011f\u0131m\u0131z \u015firketler ve freelance kurgu ekipleri mevcut. Film haz\u0131rl\u0131k a\u015famas\u0131 ve film seti ihtiya\u00e7lar\u0131n\u0131z\u0131 kar\u015f\u0131lad\u0131\u011f\u0131m\u0131z gibi, ihtiya\u00e7 halinde post prod\u00fcksiyon hizmeti de sa\u011fl\u0131yoruz.<\/span><\/p>\t\t\t\t\t\t<\/div>\n\t\t\t\t<\/div>\n\t\t\t\t<\/div>\n\t\t\t\t\t<\/div>\n\t\t\t\t<\/div>\n\t\t\t\t<\/div>\n\t\t","protected":false},"excerpt":{"rendered":"<p>B\u00fct\u00e7e ve Finans Y\u00f6netimi M\u00fc\u015fterilerimizin talepleri do\u011frultusunda en uygun maliyetlerle ortaya \u00e7\u0131kar\u0131lacak b\u00fct\u00e7elendirmeyi yap\u0131yor, belirlenen b\u00fct\u00e7elerin etraf\u0131nda kalmak i\u00e7in en iyi finansal \u00e7\u00f6z\u00fcmleri sunuyoruz. \u00c7ekim \u0130zinleri Resmi prosed\u00fcrlerin y\u00fcr\u00fct\u00fclmesi ve takibini sizler i\u00e7in sa\u011fl\u0131yoruz. \u00d6nceden belirlenen tarihlerde ve be\u011fenilen mekanlarda \u00e7ekimin sa\u011flanmas\u0131 i\u00e7in gereken evrak i\u015flerini y\u00fcr\u00fct\u00fcyoruz. Sizlere sadece sete gelmek kal\u0131yor. Cast Bir\u00e7ok millete [&hellip;]<\/p>\n","protected":false},"author":1,"featured_media":0,"parent":0,"menu_order":0,"comment_status":"closed","ping_status":"closed","template":"","meta":{"footnotes":""},"class_list":["post-4882","page","type-page","status-publish","hentry"],"_links":{"self":[{"href":"https:\/\/rexovifilm.com\/tr_tr\/wp-json\/wp\/v2\/pages\/4882","targetHints":{"allow":["GET"]}}],"collection":[{"href":"https:\/\/rexovifilm.com\/tr_tr\/wp-json\/wp\/v2\/pages"}],"about":[{"href":"https:\/\/rexovifilm.com\/tr_tr\/wp-json\/wp\/v2\/types\/page"}],"author":[{"embeddable":true,"href":"https:\/\/rexovifilm.com\/tr_tr\/wp-json\/wp\/v2\/users\/1"}],"replies":[{"embeddable":true,"href":"https:\/\/rexovifilm.com\/tr_tr\/wp-json\/wp\/v2\/comments?post=4882"}],"version-history":[{"count":52,"href":"https:\/\/rexovifilm.com\/tr_tr\/wp-json\/wp\/v2\/pages\/4882\/revisions"}],"predecessor-version":[{"id":8091,"href":"https:\/\/rexovifilm.com\/tr_tr\/wp-json\/wp\/v2\/pages\/4882\/revisions\/8091"}],"wp:attachment":[{"href":"https:\/\/rexovifilm.com\/tr_tr\/wp-json\/wp\/v2\/media?parent=4882"}],"curies":[{"name":"wp","href":"https:\/\/api.w.org\/{rel}","templated":true}]}}